{"id":472,"date":"2023-05-30T16:18:35","date_gmt":"2023-05-30T14:18:35","guid":{"rendered":"https:\/\/dev.evopps.fr\/?page_id=472"},"modified":"2023-07-05T09:12:27","modified_gmt":"2023-07-05T07:12:27","slug":"accueil-2","status":"publish","type":"page","link":"https:\/\/dev.evopps.fr\/","title":{"rendered":"Accueil"},"content":{"rendered":"\t\t<div data-elementor-type=\"wp-page\" data-elementor-id=\"472\" class=\"elementor elementor-472\">\n\t\t\t\t\t\t\t<div class=\"elementor-element elementor-element-65dbbf7 e-con-boxed e-flex e-con\" data-id=\"65dbbf7\" data-element_type=\"container\" data-settings=\"{&quot;content_width&quot;:&quot;boxed&quot;}\">\n\t\t\t\t\t<div class=\"e-con-inner\">\n\t\t<div class=\"elementor-element elementor-element-2abd84e e-con-boxed e-flex e-con\" data-id=\"2abd84e\" data-element_type=\"container\" data-settings=\"{&quot;background_background&quot;:&quot;classic&quot;,&quot;content_width&quot;:&quot;boxed&quot;}\">\n\t\t\t\t\t<div class=\"e-con-inner\">\n\t\t\t\t<div class=\"elementor-element elementor-element-bed4b8c elementor-widget elementor-widget-heading\" data-id=\"bed4b8c\" data-element_type=\"widget\" data-widget_type=\"heading.default\">\n\t\t\t\t<div class=\"elementor-widget-container\">\n\t\t\t<style>\/*! elementor - v3.13.1 - 09-05-2023 *\/\n.elementor-heading-title{padding:0;margin:0;line-height:1}.elementor-widget-heading .elementor-heading-title[class*=elementor-size-]>a{color:inherit;font-size:inherit;line-height:inherit}.elementor-widget-heading .elementor-heading-title.elementor-size-small{font-size:15px}.elementor-widget-heading .elementor-heading-title.elementor-size-medium{font-size:19px}.elementor-widget-heading .elementor-heading-title.elementor-size-large{font-size:29px}.elementor-widget-heading .elementor-heading-title.elementor-size-xl{font-size:39px}.elementor-widget-heading .elementor-heading-title.elementor-size-xxl{font-size:59px}<\/style><h1 class=\"elementor-heading-title elementor-size-default\">Startup d\u00e9di\u00e9e \u00e0 la r\u00e9alisation d'applications \ninnovantes \u00e0 partir de code Open-Source. <\/h1>\t\t<\/div>\n\t\t\t\t<\/div>\n\t\t\t\t\t<\/div>\n\t\t\t\t<\/div>\n\t\t\t\t\t<\/div>\n\t\t\t\t<\/div>\n\t\t<div class=\"elementor-element elementor-element-4ae9b43 e-con-boxed e-flex e-con\" data-id=\"4ae9b43\" data-element_type=\"container\" data-settings=\"{&quot;content_width&quot;:&quot;boxed&quot;}\">\n\t\t\t\t\t<div class=\"e-con-inner\">\n\t\t<div class=\"elementor-element elementor-element-0f5b872 e-con-boxed e-flex e-con\" data-id=\"0f5b872\" data-element_type=\"container\" data-settings=\"{&quot;content_width&quot;:&quot;boxed&quot;}\">\n\t\t\t\t\t<div class=\"e-con-inner\">\n\t\t\t\t<div class=\"elementor-element elementor-element-35cefd0 elementor-widget elementor-widget-heading\" data-id=\"35cefd0\" data-element_type=\"widget\" data-widget_type=\"heading.default\">\n\t\t\t\t<div class=\"elementor-widget-container\">\n\t\t\t<h2 class=\"elementor-heading-title elementor-size-default\">EVOPPS d\u00e9veloppe ses propres applications<\/h2>\t\t<\/div>\n\t\t\t\t<\/div>\n\t\t\t\t\t<\/div>\n\t\t\t\t<\/div>\n\t\t\t\t\t<\/div>\n\t\t\t\t<\/div>\n\t\t<div class=\"elementor-element elementor-element-e138df2 e-con-boxed e-flex e-con\" data-id=\"e138df2\" data-element_type=\"container\" data-settings=\"{&quot;content_width&quot;:&quot;boxed&quot;}\">\n\t\t\t\t\t<div class=\"e-con-inner\">\n\t\t<div class=\"elementor-element elementor-element-a312ce9 e-con-full e-flex e-con\" data-id=\"a312ce9\" data-element_type=\"container\" data-settings=\"{&quot;content_width&quot;:&quot;full&quot;}\">\n\t\t\t\t<div class=\"elementor-element elementor-element-a0593d8 elementor-widget elementor-widget-image\" data-id=\"a0593d8\" data-element_type=\"widget\" data-widget_type=\"image.default\">\n\t\t\t\t<div class=\"elementor-widget-container\">\n\t\t\t<style>\/*! elementor - v3.13.1 - 09-05-2023 *\/\n.elementor-widget-image{text-align:center}.elementor-widget-image a{display:inline-block}.elementor-widget-image a img[src$=\".svg\"]{width:48px}.elementor-widget-image img{vertical-align:middle;display:inline-block}<\/style>\t\t\t\t\t\t\t\t\t\t\t\t<img loading=\"lazy\" decoding=\"async\" width=\"895\" height=\"295\" src=\"https:\/\/dev.evopps.fr\/wp-content\/uploads\/2023\/05\/LOGOTYPE-KAPTIZ-10012022_COULEURS-sans-cadre.png\" class=\"attachment-full size-full wp-image-589\" alt=\"logo-kaptiz\" srcset=\"https:\/\/dev.evopps.fr\/wp-content\/uploads\/2023\/05\/LOGOTYPE-KAPTIZ-10012022_COULEURS-sans-cadre.png 895w, https:\/\/dev.evopps.fr\/wp-content\/uploads\/2023\/05\/LOGOTYPE-KAPTIZ-10012022_COULEURS-sans-cadre-300x99.png 300w, https:\/\/dev.evopps.fr\/wp-content\/uploads\/2023\/05\/LOGOTYPE-KAPTIZ-10012022_COULEURS-sans-cadre-768x253.png 768w\" sizes=\"auto, (max-width: 895px) 100vw, 895px\" \/>\t\t\t\t\t\t\t\t\t\t\t\t\t\t\t<\/div>\n\t\t\t\t<\/div>\n\t\t\t\t<\/div>\n\t\t<div class=\"elementor-element elementor-element-05b94e8 e-con-full e-flex e-con\" data-id=\"05b94e8\" data-element_type=\"container\" data-settings=\"{&quot;content_width&quot;:&quot;full&quot;}\">\n\t\t\t\t<div class=\"elementor-element elementor-element-bb85c2f elementor-widget elementor-widget-image\" data-id=\"bb85c2f\" data-element_type=\"widget\" data-widget_type=\"image.default\">\n\t\t\t\t<div class=\"elementor-widget-container\">\n\t\t\t\t\t\t\t\t\t\t\t\t\t\t\t<img loading=\"lazy\" decoding=\"async\" width=\"650\" height=\"590\" src=\"https:\/\/dev.evopps.fr\/wp-content\/uploads\/2023\/05\/Logo-Crea_Vienne-laureat-bleu.png\" class=\"attachment-large size-large wp-image-163\" alt=\"logo_creavienne\" srcset=\"https:\/\/dev.evopps.fr\/wp-content\/uploads\/2023\/05\/Logo-Crea_Vienne-laureat-bleu.png 650w, https:\/\/dev.evopps.fr\/wp-content\/uploads\/2023\/05\/Logo-Crea_Vienne-laureat-bleu-300x272.png 300w\" sizes=\"auto, (max-width: 650px) 100vw, 650px\" \/>\t\t\t\t\t\t\t\t\t\t\t\t\t\t\t<\/div>\n\t\t\t\t<\/div>\n\t\t\t\t<\/div>\n\t\t\t\t\t<\/div>\n\t\t\t\t<\/div>\n\t\t<div class=\"elementor-element elementor-element-d7191b8 e-con-boxed e-flex e-con\" data-id=\"d7191b8\" data-element_type=\"container\" data-settings=\"{&quot;content_width&quot;:&quot;boxed&quot;}\">\n\t\t\t\t\t<div class=\"e-con-inner\">\n\t\t<div class=\"elementor-element elementor-element-ed1e612 e-con-boxed e-flex e-con\" data-id=\"ed1e612\" data-element_type=\"container\" data-settings=\"{&quot;content_width&quot;:&quot;boxed&quot;}\">\n\t\t\t\t\t<div class=\"e-con-inner\">\n\t\t\t\t<div class=\"elementor-element elementor-element-a6f252f elementor-widget elementor-widget-heading\" data-id=\"a6f252f\" data-element_type=\"widget\" data-widget_type=\"heading.default\">\n\t\t\t\t<div class=\"elementor-widget-container\">\n\t\t\t<p class=\"elementor-heading-title elementor-size-default\">Kaptiz Suite, un ensemble de solutions de visioconf\u00e9rence personnalisables avec une ma\u00eetrise totale de ses donn\u00e9es.<\/p>\t\t<\/div>\n\t\t\t\t<\/div>\n\t\t\t\t<div class=\"elementor-element elementor-element-14a9d59 elementor-widget elementor-widget-heading\" data-id=\"14a9d59\" data-element_type=\"widget\" data-widget_type=\"heading.default\">\n\t\t\t\t<div class=\"elementor-widget-container\">\n\t\t\t<p class=\"elementor-heading-title elementor-size-default\">Application prim\u00e9e lors de l'\u00e9dition 2020 de CR\u00c9AVIENNE.\n\n<\/p>\t\t<\/div>\n\t\t\t\t<\/div>\n\t\t\t\t<div class=\"elementor-element elementor-element-863b60f e-transform elementor-widget elementor-widget-heading\" data-id=\"863b60f\" data-element_type=\"widget\" id=\"kaptiz\" data-settings=\"{&quot;_animation&quot;:&quot;none&quot;,&quot;_transform_scale_effect_hover&quot;:{&quot;unit&quot;:&quot;px&quot;,&quot;size&quot;:0.9,&quot;sizes&quot;:[]},&quot;_transform_scale_effect_hover_tablet&quot;:{&quot;unit&quot;:&quot;px&quot;,&quot;size&quot;:&quot;&quot;,&quot;sizes&quot;:[]},&quot;_transform_scale_effect_hover_mobile&quot;:{&quot;unit&quot;:&quot;px&quot;,&quot;size&quot;:&quot;&quot;,&quot;sizes&quot;:[]}}\" data-widget_type=\"heading.default\">\n\t\t\t\t<div class=\"elementor-widget-container\">\n\t\t\t<p class=\"elementor-heading-title elementor-size-default\"><a href=\"https:\/\/www.kaptiz.fr\/\">\u00c0 d\u00e9couvrir ici<\/a><\/p>\t\t<\/div>\n\t\t\t\t<\/div>\n\t\t\t\t\t<\/div>\n\t\t\t\t<\/div>\n\t\t\t\t\t<\/div>\n\t\t\t\t<\/div>\n\t\t<div class=\"elementor-element elementor-element-4eb793d e-con-boxed e-flex e-con\" data-id=\"4eb793d\" data-element_type=\"container\" data-settings=\"{&quot;content_width&quot;:&quot;boxed&quot;}\">\n\t\t\t\t\t<div class=\"e-con-inner\">\n\t\t\t\t<div class=\"elementor-element elementor-element-bfcf611 elementor-widget elementor-widget-image\" data-id=\"bfcf611\" data-element_type=\"widget\" data-widget_type=\"image.default\">\n\t\t\t\t<div class=\"elementor-widget-container\">\n\t\t\t\t\t\t\t\t\t\t\t\t\t\t\t<img loading=\"lazy\" decoding=\"async\" width=\"1921\" height=\"559\" src=\"https:\/\/dev.evopps.fr\/wp-content\/uploads\/2023\/05\/Groupe-274.png\" class=\"attachment-full size-full wp-image-736\" alt=\"logo-kaptiz-checkin\" srcset=\"https:\/\/dev.evopps.fr\/wp-content\/uploads\/2023\/05\/Groupe-274.png 1921w, https:\/\/dev.evopps.fr\/wp-content\/uploads\/2023\/05\/Groupe-274-300x87.png 300w, https:\/\/dev.evopps.fr\/wp-content\/uploads\/2023\/05\/Groupe-274-1024x298.png 1024w, https:\/\/dev.evopps.fr\/wp-content\/uploads\/2023\/05\/Groupe-274-768x223.png 768w, https:\/\/dev.evopps.fr\/wp-content\/uploads\/2023\/05\/Groupe-274-1536x447.png 1536w\" sizes=\"auto, (max-width: 1921px) 100vw, 1921px\" \/>\t\t\t\t\t\t\t\t\t\t\t\t\t\t\t<\/div>\n\t\t\t\t<\/div>\n\t\t\t\t\t<\/div>\n\t\t\t\t<\/div>\n\t\t<div class=\"elementor-element elementor-element-f437232 e-con-boxed e-flex e-con\" data-id=\"f437232\" data-element_type=\"container\" data-settings=\"{&quot;content_width&quot;:&quot;boxed&quot;}\">\n\t\t\t\t\t<div class=\"e-con-inner\">\n\t\t<div class=\"elementor-element elementor-element-8c1fb36 e-con-boxed e-flex e-con\" data-id=\"8c1fb36\" data-element_type=\"container\" data-settings=\"{&quot;content_width&quot;:&quot;boxed&quot;}\">\n\t\t\t\t\t<div class=\"e-con-inner\">\n\t\t\t\t<div class=\"elementor-element elementor-element-34a81e9 elementor-widget elementor-widget-heading\" data-id=\"34a81e9\" data-element_type=\"widget\" data-widget_type=\"heading.default\">\n\t\t\t\t<div class=\"elementor-widget-container\">\n\t\t\t<p class=\"elementor-heading-title elementor-size-default\">Kaptiz Suite, une solution multifacette pour g\u00e9rer les participants d'un \u00e9v\u00e9nement :<\/p>\t\t<\/div>\n\t\t\t\t<\/div>\n\t\t\t\t<div class=\"elementor-element elementor-element-7dda2d8 elementor-widget elementor-widget-heading\" data-id=\"7dda2d8\" data-element_type=\"widget\" data-widget_type=\"heading.default\">\n\t\t\t\t<div class=\"elementor-widget-container\">\n\t\t\t<p class=\"elementor-heading-title elementor-size-default\">inscription, \u00e9margement, attestation de pr\u00e9sence...<\/p>\t\t<\/div>\n\t\t\t\t<\/div>\n\t\t\t\t<div class=\"elementor-element elementor-element-9c1fd1a e-transform elementor-widget elementor-widget-heading\" data-id=\"9c1fd1a\" data-element_type=\"widget\" data-settings=\"{&quot;_animation&quot;:&quot;none&quot;,&quot;_transform_scale_effect_hover&quot;:{&quot;unit&quot;:&quot;px&quot;,&quot;size&quot;:0.9,&quot;sizes&quot;:[]},&quot;_transform_scale_effect_hover_tablet&quot;:{&quot;unit&quot;:&quot;px&quot;,&quot;size&quot;:&quot;&quot;,&quot;sizes&quot;:[]},&quot;_transform_scale_effect_hover_mobile&quot;:{&quot;unit&quot;:&quot;px&quot;,&quot;size&quot;:&quot;&quot;,&quot;sizes&quot;:[]}}\" data-widget_type=\"heading.default\">\n\t\t\t\t<div class=\"elementor-widget-container\">\n\t\t\t<p class=\"elementor-heading-title elementor-size-default\"><a href=\"https:\/\/www.kaptiz.fr\/kaptiz-checkin\/\">\u00c0 d\u00e9couvrir ici<\/a><\/p>\t\t<\/div>\n\t\t\t\t<\/div>\n\t\t\t\t\t<\/div>\n\t\t\t\t<\/div>\n\t\t\t\t\t<\/div>\n\t\t\t\t<\/div>\n\t\t<div class=\"elementor-element elementor-element-71eb649 e-con-boxed e-flex e-con\" data-id=\"71eb649\" data-element_type=\"container\" data-settings=\"{&quot;content_width&quot;:&quot;boxed&quot;}\">\n\t\t\t\t\t<div class=\"e-con-inner\">\n\t\t<div class=\"elementor-element elementor-element-f9b8197 e-con-boxed e-flex e-con\" data-id=\"f9b8197\" data-element_type=\"container\" data-settings=\"{&quot;content_width&quot;:&quot;boxed&quot;}\">\n\t\t\t\t\t<div class=\"e-con-inner\">\n\t\t\t\t<div class=\"elementor-element elementor-element-0a2add0 elementor-widget elementor-widget-heading\" data-id=\"0a2add0\" data-element_type=\"widget\" data-widget_type=\"heading.default\">\n\t\t\t\t<div class=\"elementor-widget-container\">\n\t\t\t<h2 class=\"elementor-heading-title elementor-size-default\">EVOPPS d\u00e9veloppe des applications m\u00e9tier pour des clients institutionnels et priv\u00e9s<\/h2>\t\t<\/div>\n\t\t\t\t<\/div>\n\t\t\t\t<div class=\"elementor-element elementor-element-98a3bf7 elementor-widget elementor-widget-heading\" data-id=\"98a3bf7\" data-element_type=\"widget\" data-widget_type=\"heading.default\">\n\t\t\t\t<div class=\"elementor-widget-container\">\n\t\t\t<p class=\"elementor-heading-title elementor-size-default\">\u00c9tablissement du cahier des charges, d\u00e9veloppement, h\u00e9bergement, formation, support technique...<\/p>\t\t<\/div>\n\t\t\t\t<\/div>\n\t\t\t\t\t<\/div>\n\t\t\t\t<\/div>\n\t\t\t\t\t<\/div>\n\t\t\t\t<\/div>\n\t\t<div class=\"elementor-element elementor-element-07cec21 e-con-boxed e-flex e-con\" data-id=\"07cec21\" data-element_type=\"container\" data-settings=\"{&quot;content_width&quot;:&quot;boxed&quot;}\">\n\t\t\t\t\t<div class=\"e-con-inner\">\n\t\t\t\t<div class=\"elementor-element elementor-element-a04de7d elementor-widget elementor-widget-spacer\" data-id=\"a04de7d\" data-element_type=\"widget\" data-widget_type=\"spacer.default\">\n\t\t\t\t<div class=\"elementor-widget-container\">\n\t\t\t<style>\/*! elementor - v3.13.1 - 09-05-2023 *\/\n.elementor-column .elementor-spacer-inner{height:var(--spacer-size)}.e-con{--container-widget-width:100%}.e-con-inner>.elementor-widget-spacer,.e-con>.elementor-widget-spacer{width:var(--container-widget-width,var(--spacer-size));--align-self:var(--container-widget-align-self,initial);--flex-shrink:0}.e-con-inner>.elementor-widget-spacer>.elementor-widget-container,.e-con-inner>.elementor-widget-spacer>.elementor-widget-container>.elementor-spacer,.e-con>.elementor-widget-spacer>.elementor-widget-container,.e-con>.elementor-widget-spacer>.elementor-widget-container>.elementor-spacer{height:100%}.e-con-inner>.elementor-widget-spacer>.elementor-widget-container>.elementor-spacer>.elementor-spacer-inner,.e-con>.elementor-widget-spacer>.elementor-widget-container>.elementor-spacer>.elementor-spacer-inner{height:var(--container-widget-height,var(--spacer-size))}<\/style>\t\t<div class=\"elementor-spacer\">\n\t\t\t<div class=\"elementor-spacer-inner\"><\/div>\n\t\t<\/div>\n\t\t\t\t<\/div>\n\t\t\t\t<\/div>\n\t\t\t\t\t<\/div>\n\t\t\t\t<\/div>\n\t\t\t\t\t\t\t<\/div>\n\t\t","protected":false},"excerpt":{"rendered":"<p>Startup d\u00e9di\u00e9e \u00e0 la r\u00e9alisation d&rsquo;applications innovantes \u00e0 partir de code Open-Source. EVOPPS d\u00e9veloppe ses propres applications Kaptiz Suite, un ensemble de solutions de visioconf\u00e9rence personnalisables avec une ma\u00eetrise totale de ses donn\u00e9es. Application prim\u00e9e lors de l&rsquo;\u00e9dition 2020 de CR\u00c9AVIENNE. \u00c0 d\u00e9couvrir ici Kaptiz Suite, une solution multifacette pour g\u00e9rer les participants d&rsquo;un \u00e9v\u00e9nement : inscription, \u00e9margement, attestation de pr\u00e9sence&#8230; \u00c0 d\u00e9couvrir ici EVOPPS d\u00e9veloppe des applications m\u00e9tier pour des clients institutionnels et priv\u00e9s \u00c9tablissement du cahier des charges, d\u00e9veloppement, h\u00e9bergement, formation, support technique&#8230;<\/p>\n","protected":false},"author":4,"featured_media":0,"parent":0,"menu_order":0,"comment_status":"closed","ping_status":"closed","template":"","meta":{"footnotes":""},"class_list":["post-472","page","type-page","status-publish","hentry"],"blocksy_meta":"","_links":{"self":[{"href":"https:\/\/dev.evopps.fr\/index.php\/wp-json\/wp\/v2\/pages\/472","targetHints":{"allow":["GET"]}}],"collection":[{"href":"https:\/\/dev.evopps.fr\/index.php\/wp-json\/wp\/v2\/pages"}],"about":[{"href":"https:\/\/dev.evopps.fr\/index.php\/wp-json\/wp\/v2\/types\/page"}],"author":[{"embeddable":true,"href":"https:\/\/dev.evopps.fr\/index.php\/wp-json\/wp\/v2\/users\/4"}],"replies":[{"embeddable":true,"href":"https:\/\/dev.evopps.fr\/index.php\/wp-json\/wp\/v2\/comments?post=472"}],"version-history":[{"count":210,"href":"https:\/\/dev.evopps.fr\/index.php\/wp-json\/wp\/v2\/pages\/472\/revisions"}],"predecessor-version":[{"id":1318,"href":"https:\/\/dev.evopps.fr\/index.php\/wp-json\/wp\/v2\/pages\/472\/revisions\/1318"}],"wp:attachment":[{"href":"https:\/\/dev.evopps.fr\/index.php\/wp-json\/wp\/v2\/media?parent=472"}],"curies":[{"name":"wp","href":"https:\/\/api.w.org\/{rel}","templated":true}]}}